{"id":278,"date":"2017-09-29T18:15:33","date_gmt":"2017-09-29T16:15:33","guid":{"rendered":"https:\/\/www.etav.org\/?page_id=278"},"modified":"2024-03-20T13:06:57","modified_gmt":"2024-03-20T12:06:57","slug":"la-formazione-e-la-prevenzione","status":"publish","type":"page","link":"https:\/\/www.etav.org\/?page_id=278","title":{"rendered":"La Mutualit\u00e0, attraverso la Cultura la Formazione e la prevenzione"},"content":{"rendered":"<p>[vc_row full_width=&#8221;stretch_row_content_no_spaces&#8221;][vc_column][vc_single_image image=&#8221;442&#8243; img_size=&#8221;full&#8221;][\/vc_column][\/vc_row][vc_row][vc_column][vc_empty_space][vc_column_text]<\/p>\n<h3><em><strong>La Mutualit\u00e0, attraverso la Cultura e la Formazione<\/strong><\/em><\/h3>\n<p>La &#8220;Programmi Assicurativi &#8211; Divisione ETAV&#8221;\u00a0ha anche promosso, in ambito accademico, un progetto di formazione post-universitaria, coadiuvando il Master dell\u2019Universit\u00e0 di Firenze in \u201cPubblicit\u00e0 Istituzionale, Comunicazione Multimediale e Creazione di Eventi\u201d che intende formare i giovani laureati nel campo della comunicazione per la creazione di eventi con particolare attenzione alla selezione, gestione delle tradizioni storico culturali, delle manifestazioni artistico-culturali, ed alla valorizzazione dei materiali storico-culturali delle imprese e istituzioni interfacciandosi con queste ultime al fine di raccogliere consensi e sostegni.<\/p>\n<p>La cultura intesa come veicolo di comunicazione tra le istituzioni e le famiglie, portatrici di valori sviluppatisi in ambiti differenti ma che oggi convergono nella formazione dell\u2019identit\u00e0 e tipicit\u00e0 di un determinato territorio sono all\u2019origine del ruolo di promozione culturale che\u00a0Programmi Assicurativi intende svolgere al di l\u00e0 dell\u2019ambito unicamente accademico, considerando infatti un valore, la formazione e l\u2019informazione continua e permanente dell\u2019individuo e a questo fine si apre a nuovi e diversi canali di accrescimento culturale, di comunicazione e tutela negli interessi dei propri clienti anche mediante il mondo della mutualit\u00e0.[\/vc_column_text][\/vc_column][\/vc_row][vc_row][vc_column][vc_empty_space height=&#8221;10px&#8221;][vc_column_text]<\/p>\n<h4><em><strong>PERCHE\u2019 &#8220;PROGRAMMI ASSICURATIVI&#8221; SI E\u2019 AFFIDATA A SALUTISSIMA<\/strong><\/em><\/h4>\n<p><img loading=\"lazy\" decoding=\"async\" class=\"alignnone size-medium wp-image-820\" src=\"https:\/\/www.etav.org\/wp-content\/uploads\/2024\/03\/salutissima-1200-e1710935219145-300x70.webp\" alt=\"\" width=\"300\" height=\"70\" srcset=\"https:\/\/www.etav.org\/wp-content\/uploads\/2024\/03\/salutissima-1200-e1710935219145-300x70.webp 300w, https:\/\/www.etav.org\/wp-content\/uploads\/2024\/03\/salutissima-1200-e1710935219145-1024x240.webp 1024w, https:\/\/www.etav.org\/wp-content\/uploads\/2024\/03\/salutissima-1200-e1710935219145-768x180.webp 768w, https:\/\/www.etav.org\/wp-content\/uploads\/2024\/03\/salutissima-1200-e1710935219145-150x35.webp 150w, https:\/\/www.etav.org\/wp-content\/uploads\/2024\/03\/salutissima-1200-e1710935219145-480x112.webp 480w, https:\/\/www.etav.org\/wp-content\/uploads\/2024\/03\/salutissima-1200-e1710935219145.webp 1068w\" sizes=\"(max-width:767px) 300px, 300px\" \/><\/p>\n<p>La &#8220;Divisione ETAV&#8221; nasce a seguito di profonde restrizioni delle prestazioni in materia previdenziale e sanitaria affidandosi a Salutissima SMS perch\u00e9 prima di tutto ha a cuore la salute dei propri Soci. Salutissima SMS tiene conto anche della praticit\u00e0 offrendo un\u2019ampia possibilit\u00e0 di scelta tra i numerosi Centri Medici, Cliniche e Medici in tutta Italia.<br \/>\nSpecialisti direttamente convenzionati cos\u00ec che si possa scegliere in maniera semplice e soprattutto veloce senza dovere anticipare le spese.<br \/>\nSalutissima SMS <a href=\"https:\/\/www.salutissima.it\/\" target=\"_blank\" rel=\"noopener noreferrer\">www.salutissima.it <\/a>\u2013 nasce e continua dalla tradizione di FAB \u2013 Fondo Assistenza e Benessere\u00a0 <a href=\"https:\/\/www.fondoassistenzaebenessere.it\/\" target=\"_blank\" rel=\"noopener noreferrer\">www.fondoassistenzaebenessere.it<\/a> che convenziona direttamente la Cassa di Risparmio di Asti, Biver Banca e la Cassa di Risparmio di Piacenza \u2013 l\u2019assistenza diretta migliore che si possa fornire!<\/p>\n<h3><\/h3>\n<p>[\/vc_column_text][vc_empty_space][vc_separator color=&#8221;turquoise&#8221; css=&#8221;.vc_custom_1508832501766{background-color: #22d6d0 !important;}&#8221;][\/vc_column][\/vc_row][vc_row][vc_column width=&#8221;1\/2&#8243;][vc_column_text]<\/p>\n<h3><em><strong>LA MUTUALITA\u2019 ATTRAVERSO L\u2019INFORMAZIONE<\/strong><\/em><\/h3>\n<p>[\/vc_column_text][\/vc_column][vc_column width=&#8221;1\/2&#8243;][vc_column_text]<\/p>\n<h3><em><strong>LA FORMAZIONE E LA PREVENZIONE<\/strong><\/em><\/h3>\n<p>[\/vc_column_text][\/vc_column][\/vc_row][vc_row][vc_column width=&#8221;1\/2&#8243;][vc_column_text]A seguito degli aumenti dei costi per la sanit\u00e0 e le pessime condizioni delle strutture sanitarie, sempre pi\u00f9 persone, accortesi che non possono attendere nel momento del bisogno, si stanno affidando a strutture private: aumenta, infatti, a 35,2 miliardi di euro la spesa pagata dagli italiani di tasca propria per la sanit\u00e0 e dai dati emerge che pi\u00f9 di uno su quattro non sa come farne fronte per curarsi e subendo danni economici per pagare le spese sanitarie.<\/p>\n<p>Etav Salute vuole garantire tranquillit\u00e0 ai propri\u00a0clienti\u00a0ed alle rispettive famiglie, per questo motivo offre la possibilit\u00e0 di aderire ai suoi programmi anche tramite versamenti mensili.[\/vc_column_text][\/vc_column][vc_column width=&#8221;1\/2&#8243;][vc_column_text]Lo sport \u00e8 molto importante per mantenersi in salute ed \u00e8 un potente mezzo per prevenire o addirittura curare malattie, infatti, negli ultimi anni, la percentuale degli italiani sopra i 30 anni d\u2019et\u00e0 che svolgono un\u2019attivit\u00e0 fisica, sta aumentando considerevolmente.<\/p>\n<p>Lo stesso non si pu\u00f2 dire dei giovani, tra i quali aumentano i livelli di sovrappeso ed obesit\u00e0 a causa di scarsa, o addirittura assente, attivit\u00e0 fisica. Proprio per questo Etav promuove un modello di vita sana ove la prevenzione e l\u2019informazione sia volta ai benefici dell\u2019attivit\u00e0 fisica.[\/vc_column_text][\/vc_column][\/vc_row][vc_row][vc_column width=&#8221;1\/2&#8243;][vc_single_image image=&#8221;686&#8243; img_size=&#8221;full&#8221; alignment=&#8221;center&#8221;][\/vc_column][vc_column width=&#8221;1\/2&#8243;][vc_empty_space height=&#8221;90px&#8221;][vc_column_text]<\/p>\n<h3><em><strong>PIRAMIDE DEL BENESSERE<\/strong><\/em><\/h3>\n<p>&#8220;Etav Salute&#8221; non solo promuove l\u2019attivit\u00e0 sportiva come cura per le malattie ma si interessa fin dalla radice alla prevenzione partendo dai principi base quali azioni ed abitudini quotidiane. La radice del benessere cresce giorno per giorno a nostro vantaggio o svantaggio a seconda delle nostre abitudini, per questo &#8220;Etav Salute&#8221; ha creato la Piramide del Benessere volta alla prevenzione ed alla correzione, qualora lo si ritenesse necessario, di errate abitudini.<\/p>\n<p>&nbsp;<\/p>\n<p><hr class=\" hr_color\" style=\"margin:0 auto 30px;\"\/>\n<div class=\"button_align align_left\"><a   class=\"button  has-icon button_right button_size_2\"  href=\"https:\/\/www.etav.org\/wp-content\/uploads\/2015\/01\/la-piramide-del-benessere-2.png\" target=\"_blank\"    title=\"\"><span class=\"button_icon\"><i class=\"icon-download\"  aria-hidden=\"true\"><\/i><\/span><span class=\"button_label\">Scarica la Piramide di Etav Salute<\/span><\/a><\/div>\n[\/vc_column_text][\/vc_column][\/vc_row][vc_row][vc_column][vc_separator color=&#8221;turquoise&#8221;][\/vc_column][\/vc_row][vc_row full_width=&#8221;stretch_row&#8221; equal_height=&#8221;yes&#8221;][vc_column width=&#8221;1\/2&#8243;][vc_column_text]<\/p>\n<h5><img loading=\"lazy\" decoding=\"async\" class=\"alignnone size-medium wp-image-820\" src=\"https:\/\/www.etav.org\/wp-content\/uploads\/2024\/03\/salutissima-1200-e1710935219145-300x70.webp\" alt=\"\" width=\"300\" height=\"70\" srcset=\"https:\/\/www.etav.org\/wp-content\/uploads\/2024\/03\/salutissima-1200-e1710935219145-300x70.webp 300w, https:\/\/www.etav.org\/wp-content\/uploads\/2024\/03\/salutissima-1200-e1710935219145-1024x240.webp 1024w, https:\/\/www.etav.org\/wp-content\/uploads\/2024\/03\/salutissima-1200-e1710935219145-768x180.webp 768w, https:\/\/www.etav.org\/wp-content\/uploads\/2024\/03\/salutissima-1200-e1710935219145-150x35.webp 150w, https:\/\/www.etav.org\/wp-content\/uploads\/2024\/03\/salutissima-1200-e1710935219145-480x112.webp 480w, https:\/\/www.etav.org\/wp-content\/uploads\/2024\/03\/salutissima-1200-e1710935219145.webp 1068w\" sizes=\"(max-width:767px) 300px, 300px\" \/><\/h5>\n<h5>Scopri i nostri\u00a0Centri Medici convenzionati<\/h5>\n<p>[\/vc_column_text][vc_btn title=&#8221;Clicca qui&#8221; link=&#8221;url:https%3A%2F%2Fsalutissima.it%2Ffondo-assistenza-sanitaria%2F|title:Centri%20Medici%20convenzionati|target:_blank&#8221;][\/vc_column][vc_column width=&#8221;1\/2&#8243;][\/vc_column][\/vc_row]<\/p>\n","protected":false},"excerpt":{"rendered":"<p>[vc_row full_width=&#8221;stretch_row_content_no_spaces&#8221;][vc_column][vc_single_image image=&#8221;442&#8243; img_size=&#8221;full&#8221;][\/vc_column][\/vc_row][vc_row][vc_column][vc_empty_space][vc_column_text] La Mutualit\u00e0, attraverso la Cultura e la Formazione La &#8220;Programmi Assicurativi &#8211; Divisione ETAV&#8221;\u00a0ha anche promosso, in ambito accademico, un progetto di<span class=\"excerpt-hellip\"> [\u2026]<\/span><\/p>\n","protected":false},"author":2,"featured_media":0,"parent":0,"menu_order":0,"comment_status":"closed","ping_status":"closed","template":"","meta":{"footnotes":""},"yoast_head":"<!-- This site is optimized with the Yoast SEO plugin v22.0 - https:\/\/yoast.com\/wordpress\/plugins\/seo\/ -->\n<title>La Mutualit\u00e0, attraverso la Cultura la Formazione e la prevenzione<\/title>\n<meta name=\"robots\" content=\"index, follow, max-snippet:-1, max-image-preview:large, max-video-preview:-1\" \/>\n<link rel=\"canonical\" href=\"https:\/\/www.etav.org\/?page_id=278\" \/>\n<meta property=\"og:locale\" content=\"it_IT\" \/>\n<meta property=\"og:type\" content=\"article\" \/>\n<meta property=\"og:title\" content=\"La Mutualit\u00e0, attraverso la Cultura la Formazione e la prevenzione\" \/>\n<meta property=\"og:description\" content=\"[vc_row full_width=&#8221;stretch_row_content_no_spaces&#8221;][vc_column][vc_single_image image=&#8221;442&#8243; img_size=&#8221;full&#8221;][\/vc_column][\/vc_row][vc_row][vc_column][vc_empty_space][vc_column_text] La Mutualit\u00e0, attraverso la Cultura e la Formazione La &#8220;Programmi Assicurativi &#8211; Divisione ETAV&#8221;\u00a0ha anche promosso, in ambito accademico, un progetto di [\u2026]\" \/>\n<meta property=\"og:url\" content=\"https:\/\/www.etav.org\/?page_id=278\" \/>\n<meta property=\"og:site_name\" content=\"Ente Torinese Assistenza Volontaria - Etav\" \/>\n<meta property=\"article:modified_time\" content=\"2024-03-20T12:06:57+00:00\" \/>\n<meta property=\"og:image\" content=\"https:\/\/www.etav.org\/wp-content\/uploads\/2024\/03\/salutissima-1200-e1710935219145-300x70.webp\" \/>\n<meta name=\"twitter:card\" content=\"summary_large_image\" \/>\n<meta name=\"twitter:label1\" content=\"Tempo di lettura stimato\" \/>\n\t<meta name=\"twitter:data1\" content=\"5 minuti\" \/>\n<script type=\"application\/ld+json\" class=\"yoast-schema-graph\">{\"@context\":\"https:\/\/schema.org\",\"@graph\":[{\"@type\":\"WebPage\",\"@id\":\"https:\/\/www.etav.org\/?page_id=278\",\"url\":\"https:\/\/www.etav.org\/?page_id=278\",\"name\":\"La Mutualit\u00e0, attraverso la Cultura la Formazione e la prevenzione\",\"isPartOf\":{\"@id\":\"https:\/\/www.etav.org\/#website\"},\"datePublished\":\"2017-09-29T16:15:33+00:00\",\"dateModified\":\"2024-03-20T12:06:57+00:00\",\"breadcrumb\":{\"@id\":\"https:\/\/www.etav.org\/?page_id=278#breadcrumb\"},\"inLanguage\":\"it-IT\",\"potentialAction\":[{\"@type\":\"ReadAction\",\"target\":[\"https:\/\/www.etav.org\/?page_id=278\"]}]},{\"@type\":\"BreadcrumbList\",\"@id\":\"https:\/\/www.etav.org\/?page_id=278#breadcrumb\",\"itemListElement\":[{\"@type\":\"ListItem\",\"position\":1,\"name\":\"Home\",\"item\":\"https:\/\/www.etav.org\/\"},{\"@type\":\"ListItem\",\"position\":2,\"name\":\"La Mutualit\u00e0, attraverso la Cultura la Formazione e la prevenzione\"}]},{\"@type\":\"WebSite\",\"@id\":\"https:\/\/www.etav.org\/#website\",\"url\":\"https:\/\/www.etav.org\/\",\"name\":\"Ente Torinese Assistenza Volontaria - Etav\",\"description\":\"Mutua Soccorso SALUTE E BENESSERE mediante la creazione di servizi studiati ad hoc per i propri Associati\",\"publisher\":{\"@id\":\"https:\/\/www.etav.org\/#organization\"},\"potentialAction\":[{\"@type\":\"SearchAction\",\"target\":{\"@type\":\"EntryPoint\",\"urlTemplate\":\"https:\/\/www.etav.org\/?s={search_term_string}\"},\"query-input\":\"required name=search_term_string\"}],\"inLanguage\":\"it-IT\"},{\"@type\":\"Organization\",\"@id\":\"https:\/\/www.etav.org\/#organization\",\"name\":\"Etav\",\"url\":\"https:\/\/www.etav.org\/\",\"logo\":{\"@type\":\"ImageObject\",\"inLanguage\":\"it-IT\",\"@id\":\"https:\/\/www.etav.org\/#\/schema\/logo\/image\/\",\"url\":\"https:\/\/www.etav.org\/wp-content\/uploads\/2017\/10\/etav-1.png\",\"contentUrl\":\"https:\/\/www.etav.org\/wp-content\/uploads\/2017\/10\/etav-1.png\",\"width\":450,\"height\":285,\"caption\":\"Etav\"},\"image\":{\"@id\":\"https:\/\/www.etav.org\/#\/schema\/logo\/image\/\"}}]}<\/script>\n<!-- \/ Yoast SEO plugin. -->","yoast_head_json":{"title":"La Mutualit\u00e0, attraverso la Cultura la Formazione e la prevenzione","robots":{"index":"index","follow":"follow","max-snippet":"max-snippet:-1","max-image-preview":"max-image-preview:large","max-video-preview":"max-video-preview:-1"},"canonical":"https:\/\/www.etav.org\/?page_id=278","og_locale":"it_IT","og_type":"article","og_title":"La Mutualit\u00e0, attraverso la Cultura la Formazione e la prevenzione","og_description":"[vc_row full_width=&#8221;stretch_row_content_no_spaces&#8221;][vc_column][vc_single_image image=&#8221;442&#8243; img_size=&#8221;full&#8221;][\/vc_column][\/vc_row][vc_row][vc_column][vc_empty_space][vc_column_text] La Mutualit\u00e0, attraverso la Cultura e la Formazione La &#8220;Programmi Assicurativi &#8211; Divisione ETAV&#8221;\u00a0ha anche promosso, in ambito accademico, un progetto di [\u2026]","og_url":"https:\/\/www.etav.org\/?page_id=278","og_site_name":"Ente Torinese Assistenza Volontaria - Etav","article_modified_time":"2024-03-20T12:06:57+00:00","og_image":[{"url":"https:\/\/www.etav.org\/wp-content\/uploads\/2024\/03\/salutissima-1200-e1710935219145-300x70.webp"}],"twitter_card":"summary_large_image","twitter_misc":{"Tempo di lettura stimato":"5 minuti"},"schema":{"@context":"https:\/\/schema.org","@graph":[{"@type":"WebPage","@id":"https:\/\/www.etav.org\/?page_id=278","url":"https:\/\/www.etav.org\/?page_id=278","name":"La Mutualit\u00e0, attraverso la Cultura la Formazione e la prevenzione","isPartOf":{"@id":"https:\/\/www.etav.org\/#website"},"datePublished":"2017-09-29T16:15:33+00:00","dateModified":"2024-03-20T12:06:57+00:00","breadcrumb":{"@id":"https:\/\/www.etav.org\/?page_id=278#breadcrumb"},"inLanguage":"it-IT","potentialAction":[{"@type":"ReadAction","target":["https:\/\/www.etav.org\/?page_id=278"]}]},{"@type":"BreadcrumbList","@id":"https:\/\/www.etav.org\/?page_id=278#breadcrumb","itemListElement":[{"@type":"ListItem","position":1,"name":"Home","item":"https:\/\/www.etav.org\/"},{"@type":"ListItem","position":2,"name":"La Mutualit\u00e0, attraverso la Cultura la Formazione e la prevenzione"}]},{"@type":"WebSite","@id":"https:\/\/www.etav.org\/#website","url":"https:\/\/www.etav.org\/","name":"Ente Torinese Assistenza Volontaria - Etav","description":"Mutua Soccorso SALUTE E BENESSERE mediante la creazione di servizi studiati ad hoc per i propri Associati","publisher":{"@id":"https:\/\/www.etav.org\/#organization"},"potentialAction":[{"@type":"SearchAction","target":{"@type":"EntryPoint","urlTemplate":"https:\/\/www.etav.org\/?s={search_term_string}"},"query-input":"required name=search_term_string"}],"inLanguage":"it-IT"},{"@type":"Organization","@id":"https:\/\/www.etav.org\/#organization","name":"Etav","url":"https:\/\/www.etav.org\/","logo":{"@type":"ImageObject","inLanguage":"it-IT","@id":"https:\/\/www.etav.org\/#\/schema\/logo\/image\/","url":"https:\/\/www.etav.org\/wp-content\/uploads\/2017\/10\/etav-1.png","contentUrl":"https:\/\/www.etav.org\/wp-content\/uploads\/2017\/10\/etav-1.png","width":450,"height":285,"caption":"Etav"},"image":{"@id":"https:\/\/www.etav.org\/#\/schema\/logo\/image\/"}}]}},"_links":{"self":[{"href":"https:\/\/www.etav.org\/index.php?rest_route=\/wp\/v2\/pages\/278"}],"collection":[{"href":"https:\/\/www.etav.org\/index.php?rest_route=\/wp\/v2\/pages"}],"about":[{"href":"https:\/\/www.etav.org\/index.php?rest_route=\/wp\/v2\/types\/page"}],"author":[{"embeddable":true,"href":"https:\/\/www.etav.org\/index.php?rest_route=\/wp\/v2\/users\/2"}],"replies":[{"embeddable":true,"href":"https:\/\/www.etav.org\/index.php?rest_route=%2Fwp%2Fv2%2Fcomments&post=278"}],"version-history":[{"count":46,"href":"https:\/\/www.etav.org\/index.php?rest_route=\/wp\/v2\/pages\/278\/revisions"}],"predecessor-version":[{"id":822,"href":"https:\/\/www.etav.org\/index.php?rest_route=\/wp\/v2\/pages\/278\/revisions\/822"}],"wp:attachment":[{"href":"https:\/\/www.etav.org\/index.php?rest_route=%2Fwp%2Fv2%2Fmedia&parent=278"}],"curies":[{"name":"wp","href":"https:\/\/api.w.org\/{rel}","templated":true}]}}